{"id":102,"date":"2023-04-12T16:45:56","date_gmt":"2023-04-12T14:45:56","guid":{"rendered":"https:\/\/warmlabstudiocom.wordpress.com\/?page_id=102"},"modified":"2023-04-12T16:45:56","modified_gmt":"2023-04-12T14:45:56","slug":"references","status":"publish","type":"page","link":"https:\/\/warmlab-studio.ovh\/index.php\/references\/","title":{"rendered":"R\u00e9f\u00e9rences"},"content":{"rendered":"\n<hr class=\"wp-block-separator has-text-color has-background-color has-alpha-channel-opacity has-background-background-color has-background\" \/>\n\n\n\n<div class=\"wp-block-cover alignfull\" style=\"min-height:480px;aspect-ratio:unset;\"><span aria-hidden=\"true\" class=\"wp-block-cover__background has-background-dim\"><\/span><img loading=\"lazy\" decoding=\"async\" width=\"1920\" height=\"1281\" class=\"wp-block-cover__image-background wp-image-250\" alt=\"\" src=\"http:\/\/warmlab-studio.ovh\/wp-content\/uploads\/2023\/04\/img-references.jpg\" data-object-fit=\"cover\" srcset=\"https:\/\/warmlab-studio.ovh\/wp-content\/uploads\/2023\/04\/img-references.jpg 1920w, https:\/\/warmlab-studio.ovh\/wp-content\/uploads\/2023\/04\/img-references-300x200.jpg 300w, https:\/\/warmlab-studio.ovh\/wp-content\/uploads\/2023\/04\/img-references-1024x683.jpg 1024w, https:\/\/warmlab-studio.ovh\/wp-content\/uploads\/2023\/04\/img-references-768x512.jpg 768w, https:\/\/warmlab-studio.ovh\/wp-content\/uploads\/2023\/04\/img-references-1536x1025.jpg 1536w\" sizes=\"auto, (max-width: 1920px) 100vw, 1920px\" \/><div class=\"wp-block-cover__inner-container is-layout-constrained wp-block-cover-is-layout-constrained\">\n<h1 class=\"wp-block-heading has-text-align-center\">REFERENCES<\/h1>\n<\/div><\/div>\n\n\n\n<figure class=\"wp-block-embed is-type-rich is-provider-soundcloud wp-block-embed-soundcloud wp-embed-aspect-4-3 wp-has-aspect-ratio\"><div class=\"wp-block-embed__wrapper\">\n<iframe loading=\"lazy\" title=\"Warm Lab Studio by Warmlabstudio\" width=\"500\" height=\"450\" scrolling=\"no\" frameborder=\"no\" src=\"https:\/\/w.soundcloud.com\/player\/?visual=true&#038;url=https%3A%2F%2Fapi.soundcloud.com%2Fplaylists%2F1612690666&#038;show_artwork=true&#038;maxheight=750&#038;maxwidth=500\"><\/iframe>\n<\/div><\/figure>\n\n\n\n<div style=\"height:100px\" aria-hidden=\"true\" class=\"wp-block-spacer\"><\/div>\n\n\n\n<h2 class=\"wp-block-heading has-text-align-center\">Ils sont pass\u00e9s au studio<\/h2>\n\n\n\n<div style=\"height:10px\" aria-hidden=\"true\" class=\"wp-block-spacer\"><\/div>\n\n\n\n<figure class=\"wp-block-gallery alignwide has-nested-images columns-default is-cropped wp-block-gallery-1 is-layout-flex wp-block-gallery-is-layout-flex\">\n<figure class=\"wp-block-image size-large is-style-default\"><a href=\"https:\/\/www.facebook.com\/Lmntrio13\/\"><img loading=\"lazy\" decoding=\"async\" width=\"1677\" height=\"1498\" data-id=\"255\" src=\"http:\/\/warmlab-studio.ovh\/wp-content\/uploads\/2023\/04\/cover-split-online.png?w=1024\" alt=\"\" class=\"wp-image-255\" srcset=\"https:\/\/warmlab-studio.ovh\/wp-content\/uploads\/2023\/04\/cover-split-online.png 1677w, https:\/\/warmlab-studio.ovh\/wp-content\/uploads\/2023\/04\/cover-split-online-300x268.png 300w, https:\/\/warmlab-studio.ovh\/wp-content\/uploads\/2023\/04\/cover-split-online-1024x915.png 1024w, https:\/\/warmlab-studio.ovh\/wp-content\/uploads\/2023\/04\/cover-split-online-768x686.png 768w, https:\/\/warmlab-studio.ovh\/wp-content\/uploads\/2023\/04\/cover-split-online-1536x1372.png 1536w\" sizes=\"auto, (max-width: 1677px) 100vw, 1677px\" \/><\/a><\/figure>\n\n\n\n<figure class=\"wp-block-image size-large\"><a href=\"https:\/\/www.kimsarmusic.com\/\"><img loading=\"lazy\" decoding=\"async\" width=\"1225\" height=\"1150\" data-id=\"257\" src=\"http:\/\/warmlab-studio.ovh\/wp-content\/uploads\/2023\/04\/ref-kimsar.png?w=1024\" alt=\"\" class=\"wp-image-257\" srcset=\"https:\/\/warmlab-studio.ovh\/wp-content\/uploads\/2023\/04\/ref-kimsar.png 1225w, https:\/\/warmlab-studio.ovh\/wp-content\/uploads\/2023\/04\/ref-kimsar-300x282.png 300w, https:\/\/warmlab-studio.ovh\/wp-content\/uploads\/2023\/04\/ref-kimsar-1024x961.png 1024w, https:\/\/warmlab-studio.ovh\/wp-content\/uploads\/2023\/04\/ref-kimsar-768x721.png 768w\" sizes=\"auto, (max-width: 1225px) 100vw, 1225px\" \/><\/a><\/figure>\n\n\n\n<figure class=\"wp-block-image size-large\"><img loading=\"lazy\" decoding=\"async\" width=\"2895\" height=\"2842\" data-id=\"260\" src=\"http:\/\/warmlab-studio.ovh\/wp-content\/uploads\/2023\/04\/test-front-laine-et-autres-copie.png?w=1024\" alt=\"\" class=\"wp-image-260\" srcset=\"https:\/\/warmlab-studio.ovh\/wp-content\/uploads\/2023\/04\/test-front-laine-et-autres-copie.png 2895w, https:\/\/warmlab-studio.ovh\/wp-content\/uploads\/2023\/04\/test-front-laine-et-autres-copie-300x295.png 300w, https:\/\/warmlab-studio.ovh\/wp-content\/uploads\/2023\/04\/test-front-laine-et-autres-copie-1024x1005.png 1024w, https:\/\/warmlab-studio.ovh\/wp-content\/uploads\/2023\/04\/test-front-laine-et-autres-copie-768x754.png 768w, https:\/\/warmlab-studio.ovh\/wp-content\/uploads\/2023\/04\/test-front-laine-et-autres-copie-1536x1508.png 1536w, https:\/\/warmlab-studio.ovh\/wp-content\/uploads\/2023\/04\/test-front-laine-et-autres-copie-2048x2011.png 2048w\" sizes=\"auto, (max-width: 2895px) 100vw, 2895px\" \/><\/figure>\n\n\n\n<figure class=\"wp-block-image size-large\"><img loading=\"lazy\" decoding=\"async\" width=\"2063\" height=\"1440\" data-id=\"261\" src=\"http:\/\/warmlab-studio.ovh\/wp-content\/uploads\/2023\/04\/capture-decran-2023-04-30-183200.png?w=1024\" alt=\"\" class=\"wp-image-261\" srcset=\"https:\/\/warmlab-studio.ovh\/wp-content\/uploads\/2023\/04\/capture-decran-2023-04-30-183200.png 2063w, https:\/\/warmlab-studio.ovh\/wp-content\/uploads\/2023\/04\/capture-decran-2023-04-30-183200-300x209.png 300w, https:\/\/warmlab-studio.ovh\/wp-content\/uploads\/2023\/04\/capture-decran-2023-04-30-183200-1024x715.png 1024w, https:\/\/warmlab-studio.ovh\/wp-content\/uploads\/2023\/04\/capture-decran-2023-04-30-183200-768x536.png 768w, https:\/\/warmlab-studio.ovh\/wp-content\/uploads\/2023\/04\/capture-decran-2023-04-30-183200-1536x1072.png 1536w, https:\/\/warmlab-studio.ovh\/wp-content\/uploads\/2023\/04\/capture-decran-2023-04-30-183200-2048x1430.png 2048w\" sizes=\"auto, (max-width: 2063px) 100vw, 2063px\" \/><\/figure>\n\n\n\n<figure class=\"wp-block-image size-large\"><img decoding=\"async\" data-id=\"3963\" src=\"https:\/\/dotcompatterns.files.wordpress.com\/2021\/05\/image-174.jpeg?w=782\" alt=\"\" class=\"wp-image-3963\" \/><\/figure>\n\n\n\n<figure class=\"wp-block-image size-large\"><img decoding=\"async\" data-id=\"3964\" src=\"https:\/\/dotcompatterns.files.wordpress.com\/2021\/05\/image-175.jpeg?w=1024\" alt=\"\" class=\"wp-image-3964\" \/><\/figure>\n<\/figure>\n\n\n\n<div style=\"height:66px\" aria-hidden=\"true\" class=\"wp-block-spacer\"><\/div>\n\n\n\n<div class=\"wp-block-group alignfull has-background-color has-text-color has-background is-layout-flow wp-block-group-is-layout-flow\" style=\"background-color:#000000;padding-top:var(--wp--preset--spacing--60);padding-right:var(--wp--preset--spacing--60);padding-bottom:var(--wp--preset--spacing--60);padding-left:var(--wp--preset--spacing--60)\">\n<ul class=\"wp-block-social-links aligncenter has-icon-color has-icon-background-color is-layout-flex wp-block-social-links-is-layout-flex\"><li style=\"color:#fbfbfb;background-color:#000000;\" class=\"wp-social-link wp-social-link-facebook has-primary-background-color wp-block-social-link\"><a href=\"#\" class=\"wp-block-social-link-anchor\"><svg width=\"24\" height=\"24\" viewBox=\"0 0 24 24\" version=\"1.1\" xmlns=\"http:\/\/www.w3.org\/2000\/svg\" aria-hidden=\"true\" focusable=\"false\"><path d=\"M12 2C6.5 2 2 6.5 2 12c0 5 3.7 9.1 8.4 9.9v-7H7.9V12h2.5V9.8c0-2.5 1.5-3.9 3.8-3.9 1.1 0 2.2.2 2.2.2v2.5h-1.3c-1.2 0-1.6.8-1.6 1.6V12h2.8l-.4 2.9h-2.3v7C18.3 21.1 22 17 22 12c0-5.5-4.5-10-10-10z\"><\/path><\/svg><span class=\"wp-block-social-link-label screen-reader-text\">Facebook<\/span><\/a><\/li>\n\n<li style=\"color:#fbfbfb;background-color:#000000;\" class=\"wp-social-link wp-social-link-instagram has-primary-background-color wp-block-social-link\"><a href=\"#\" class=\"wp-block-social-link-anchor\"><svg width=\"24\" height=\"24\" viewBox=\"0 0 24 24\" version=\"1.1\" xmlns=\"http:\/\/www.w3.org\/2000\/svg\" aria-hidden=\"true\" focusable=\"false\"><path d=\"M12,4.622c2.403,0,2.688,0.009,3.637,0.052c0.877,0.04,1.354,0.187,1.671,0.31c0.42,0.163,0.72,0.358,1.035,0.673 c0.315,0.315,0.51,0.615,0.673,1.035c0.123,0.317,0.27,0.794,0.31,1.671c0.043,0.949,0.052,1.234,0.052,3.637 s-0.009,2.688-0.052,3.637c-0.04,0.877-0.187,1.354-0.31,1.671c-0.163,0.42-0.358,0.72-0.673,1.035 c-0.315,0.315-0.615,0.51-1.035,0.673c-0.317,0.123-0.794,0.27-1.671,0.31c-0.949,0.043-1.233,0.052-3.637,0.052 s-2.688-0.009-3.637-0.052c-0.877-0.04-1.354-0.187-1.671-0.31c-0.42-0.163-0.72-0.358-1.035-0.673 c-0.315-0.315-0.51-0.615-0.673-1.035c-0.123-0.317-0.27-0.794-0.31-1.671C4.631,14.688,4.622,14.403,4.622,12 s0.009-2.688,0.052-3.637c0.04-0.877,0.187-1.354,0.31-1.671c0.163-0.42,0.358-0.72,0.673-1.035 c0.315-0.315,0.615-0.51,1.035-0.673c0.317-0.123,0.794-0.27,1.671-0.31C9.312,4.631,9.597,4.622,12,4.622 M12,3 C9.556,3,9.249,3.01,8.289,3.054C7.331,3.098,6.677,3.25,6.105,3.472C5.513,3.702,5.011,4.01,4.511,4.511 c-0.5,0.5-0.808,1.002-1.038,1.594C3.25,6.677,3.098,7.331,3.054,8.289C3.01,9.249,3,9.556,3,12c0,2.444,0.01,2.751,0.054,3.711 c0.044,0.958,0.196,1.612,0.418,2.185c0.23,0.592,0.538,1.094,1.038,1.594c0.5,0.5,1.002,0.808,1.594,1.038 c0.572,0.222,1.227,0.375,2.185,0.418C9.249,20.99,9.556,21,12,21s2.751-0.01,3.711-0.054c0.958-0.044,1.612-0.196,2.185-0.418 c0.592-0.23,1.094-0.538,1.594-1.038c0.5-0.5,0.808-1.002,1.038-1.594c0.222-0.572,0.375-1.227,0.418-2.185 C20.99,14.751,21,14.444,21,12s-0.01-2.751-0.054-3.711c-0.044-0.958-0.196-1.612-0.418-2.185c-0.23-0.592-0.538-1.094-1.038-1.594 c-0.5-0.5-1.002-0.808-1.594-1.038c-0.572-0.222-1.227-0.375-2.185-0.418C14.751,3.01,14.444,3,12,3L12,3z M12,7.378 c-2.552,0-4.622,2.069-4.622,4.622S9.448,16.622,12,16.622s4.622-2.069,4.622-4.622S14.552,7.378,12,7.378z M12,15 c-1.657,0-3-1.343-3-3s1.343-3,3-3s3,1.343,3,3S13.657,15,12,15z M16.804,6.116c-0.596,0-1.08,0.484-1.08,1.08 s0.484,1.08,1.08,1.08c0.596,0,1.08-0.484,1.08-1.08S17.401,6.116,16.804,6.116z\"><\/path><\/svg><span class=\"wp-block-social-link-label screen-reader-text\">Instagram<\/span><\/a><\/li>\n\n<li style=\"color:#fbfbfb;background-color:#000000;\" class=\"wp-social-link wp-social-link-mail has-primary-background-color wp-block-social-link\"><a href=\"mailto:&#119;arm&#108;abs&#116;udi&#111;&#064;gma&#105;&#108;&#046;&#099;om\" class=\"wp-block-social-link-anchor\"><svg width=\"24\" height=\"24\" viewBox=\"0 0 24 24\" version=\"1.1\" xmlns=\"http:\/\/www.w3.org\/2000\/svg\" aria-hidden=\"true\" focusable=\"false\"><path d=\"M19,5H5c-1.1,0-2,.9-2,2v10c0,1.1.9,2,2,2h14c1.1,0,2-.9,2-2V7c0-1.1-.9-2-2-2zm.5,12c0,.3-.2.5-.5.5H5c-.3,0-.5-.2-.5-.5V9.8l7.5,5.6,7.5-5.6V17zm0-9.1L12,13.6,4.5,7.9V7c0-.3.2-.5.5-.5h14c.3,0,.5.2.5.5v.9z\"><\/path><\/svg><span class=\"wp-block-social-link-label screen-reader-text\">Mail<\/span><\/a><\/li><\/ul>\n\n\n<nav class=\"is-responsive items-justified-center alignwide wp-block-navigation is-content-justification-center is-layout-flex wp-container-core-navigation-is-layout-a89b3969 wp-block-navigation-is-layout-flex\" aria-label=\"Menu Principal\" \n\t\t data-wp-interactive=\"core\/navigation\" data-wp-context='{\"overlayOpenedBy\":{\"click\":false,\"hover\":false,\"focus\":false},\"type\":\"overlay\",\"roleAttribute\":\"\",\"ariaLabel\":\"Menu\"}'><button aria-haspopup=\"dialog\" aria-label=\"Open menu\" class=\"wp-block-navigation__responsive-container-open\" \n\t\t\t\tdata-wp-on--click=\"actions.openMenuOnClick\"\n\t\t\t\tdata-wp-on--keydown=\"actions.handleMenuKeydown\"\n\t\t\t><svg width=\"24\" height=\"24\" xmlns=\"http:\/\/www.w3.org\/2000\/svg\" viewBox=\"0 0 24 24\" aria-hidden=\"true\" focusable=\"false\"><path d=\"M4 7.5h16v1.5H4z\"><\/path><path d=\"M4 15h16v1.5H4z\"><\/path><\/svg><\/button>\n\t\t\t\t<div class=\"wp-block-navigation__responsive-container\"  id=\"modal-2\" \n\t\t\t\tdata-wp-class--has-modal-open=\"state.isMenuOpen\"\n\t\t\t\tdata-wp-class--is-menu-open=\"state.isMenuOpen\"\n\t\t\t\tdata-wp-watch=\"callbacks.initMenu\"\n\t\t\t\tdata-wp-on--keydown=\"actions.handleMenuKeydown\"\n\t\t\t\tdata-wp-on--focusout=\"actions.handleMenuFocusout\"\n\t\t\t\ttabindex=\"-1\"\n\t\t\t>\n\t\t\t\t\t<div class=\"wp-block-navigation__responsive-close\" tabindex=\"-1\">\n\t\t\t\t\t\t<div class=\"wp-block-navigation__responsive-dialog\" \n\t\t\t\tdata-wp-bind--aria-modal=\"state.ariaModal\"\n\t\t\t\tdata-wp-bind--aria-label=\"state.ariaLabel\"\n\t\t\t\tdata-wp-bind--role=\"state.roleAttribute\"\n\t\t\t>\n\t\t\t\t\t\t\t<button aria-label=\"Close menu\" class=\"wp-block-navigation__responsive-container-close\" \n\t\t\t\tdata-wp-on--click=\"actions.closeMenuOnClick\"\n\t\t\t><svg xmlns=\"http:\/\/www.w3.org\/2000\/svg\" viewBox=\"0 0 24 24\" width=\"24\" height=\"24\" aria-hidden=\"true\" focusable=\"false\"><path d=\"m13.06 12 6.47-6.47-1.06-1.06L12 10.94 5.53 4.47 4.47 5.53 10.94 12l-6.47 6.47 1.06 1.06L12 13.06l6.47 6.47 1.06-1.06L13.06 12Z\"><\/path><\/svg><\/button>\n\t\t\t\t\t\t\t<div class=\"wp-block-navigation__responsive-container-content\" \n\t\t\t\tdata-wp-watch=\"callbacks.focusFirstElement\"\n\t\t\t id=\"modal-2-content\">\n\t\t\t\t\t\t\t\t<ul class=\"wp-block-navigation__container is-responsive items-justified-center alignwide wp-block-navigation\"><li class=\" wp-block-navigation-item  menu-item menu-item-type-post_type menu-item-object-page menu-item-home wp-block-navigation-link\"><a class=\"wp-block-navigation-item__content\"  href=\"https:\/\/warmlabstudiocom.wordpress.com\/\" title=\"\"><span class=\"wp-block-navigation-item__label\">Accueil<\/span><\/a><\/li><\/ul><ul class=\"wp-block-navigation__container is-responsive items-justified-center alignwide wp-block-navigation\"><li class=\" wp-block-navigation-item  menu-item menu-item-type-post_type menu-item-object-page wp-block-navigation-link\"><a class=\"wp-block-navigation-item__content\"  href=\"https:\/\/warmlabstudiocom.wordpress.com\/materiel\/\" title=\"\"><span class=\"wp-block-navigation-item__label\">Mat\u00e9riel<\/span><\/a><\/li><li class=\" wp-block-navigation-item  menu-item menu-item-type-post_type menu-item-object-page wp-block-navigation-link\"><a class=\"wp-block-navigation-item__content\"  href=\"https:\/\/warmlabstudiocom.wordpress.com\/batteur-studio\/\" title=\"\"><span class=\"wp-block-navigation-item__label\">Batteur studio<\/span><\/a><\/li><li class=\" wp-block-navigation-item  menu-item menu-item-type-post_type menu-item-object-page wp-block-navigation-link\"><a class=\"wp-block-navigation-item__content\"  href=\"https:\/\/warmlabstudiocom.wordpress.com\/enregistrements\/\" title=\"\"><span class=\"wp-block-navigation-item__label\">Services<\/span><\/a><\/li><li class=\" wp-block-navigation-item  menu-item menu-item-type-post_type menu-item-object-page wp-block-navigation-link\"><a class=\"wp-block-navigation-item__content\"  href=\"https:\/\/warmlabstudiocom.wordpress.com\/references\/\" title=\"\"><span class=\"wp-block-navigation-item__label\">R\u00e9f\u00e9rences<\/span><\/a><\/li><li class=\" wp-block-navigation-item  menu-item menu-item-type-post_type menu-item-object-page wp-block-navigation-link\"><a class=\"wp-block-navigation-item__content\"  href=\"https:\/\/warmlabstudiocom.wordpress.com\/contact\/\" title=\"\"><span class=\"wp-block-navigation-item__label\">Contact<\/span><\/a><\/li><\/ul>\n\t\t\t\t\t\t\t<\/div>\n\t\t\t\t\t\t<\/div>\n\t\t\t\t\t<\/div>\n\t\t\t\t<\/div><\/nav><\/div>\n","protected":false},"excerpt":{"rendered":"<p>Ils sont pass\u00e9s au studio<\/p>\n","protected":false},"author":1,"featured_media":0,"parent":0,"menu_order":0,"comment_status":"closed","ping_status":"closed","template":"","meta":{"footnotes":""},"class_list":["post-102","page","type-page","status-publish","hentry"],"yoast_head":"<!-- This site is optimized with the Yoast SEO plugin v21.9.1 - https:\/\/yoast.com\/wordpress\/plugins\/seo\/ -->\n<title>R\u00e9f\u00e9rences - WordPress<\/title>\n<meta name=\"robots\" content=\"index, follow, max-snippet:-1, max-image-preview:large, max-video-preview:-1\" \/>\n<link rel=\"canonical\" href=\"http:\/\/warmlab-studio.ovh\/index.php\/references\/\" \/>\n<meta property=\"og:locale\" content=\"en_US\" \/>\n<meta property=\"og:type\" content=\"article\" \/>\n<meta property=\"og:title\" content=\"R\u00e9f\u00e9rences - WordPress\" \/>\n<meta property=\"og:description\" content=\"Ils sont pass\u00e9s au studio\" \/>\n<meta property=\"og:url\" content=\"http:\/\/warmlab-studio.ovh\/index.php\/references\/\" \/>\n<meta property=\"og:site_name\" content=\"WordPress\" \/>\n<meta property=\"og:image\" content=\"http:\/\/warmlab-studio.ovh\/wp-content\/uploads\/2023\/04\/img-references.jpg\" \/>\n<meta name=\"twitter:card\" content=\"summary_large_image\" \/>\n<script type=\"application\/ld+json\" class=\"yoast-schema-graph\">{\"@context\":\"https:\/\/schema.org\",\"@graph\":[{\"@type\":\"WebPage\",\"@id\":\"http:\/\/warmlab-studio.ovh\/index.php\/references\/\",\"url\":\"http:\/\/warmlab-studio.ovh\/index.php\/references\/\",\"name\":\"R\u00e9f\u00e9rences - WordPress\",\"isPartOf\":{\"@id\":\"https:\/\/warmlab-studio.ovh\/#website\"},\"datePublished\":\"2023-04-12T14:45:56+00:00\",\"dateModified\":\"2023-04-12T14:45:56+00:00\",\"breadcrumb\":{\"@id\":\"http:\/\/warmlab-studio.ovh\/index.php\/references\/#breadcrumb\"},\"inLanguage\":\"en-US\",\"potentialAction\":[{\"@type\":\"ReadAction\",\"target\":[\"http:\/\/warmlab-studio.ovh\/index.php\/references\/\"]}]},{\"@type\":\"BreadcrumbList\",\"@id\":\"http:\/\/warmlab-studio.ovh\/index.php\/references\/#breadcrumb\",\"itemListElement\":[{\"@type\":\"ListItem\",\"position\":1,\"name\":\"Accueil\",\"item\":\"https:\/\/warmlab-studio.ovh\/\"},{\"@type\":\"ListItem\",\"position\":2,\"name\":\"R\u00e9f\u00e9rences\"}]},{\"@type\":\"WebSite\",\"@id\":\"https:\/\/warmlab-studio.ovh\/#website\",\"url\":\"https:\/\/warmlab-studio.ovh\/\",\"name\":\"WordPress\",\"description\":\"Un site utilisant WordPress\",\"potentialAction\":[{\"@type\":\"SearchAction\",\"target\":{\"@type\":\"EntryPoint\",\"urlTemplate\":\"https:\/\/warmlab-studio.ovh\/?s={search_term_string}\"},\"query-input\":\"required name=search_term_string\"}],\"inLanguage\":\"en-US\"}]}<\/script>\n<!-- \/ Yoast SEO plugin. -->","yoast_head_json":{"title":"R\u00e9f\u00e9rences - WordPress","robots":{"index":"index","follow":"follow","max-snippet":"max-snippet:-1","max-image-preview":"max-image-preview:large","max-video-preview":"max-video-preview:-1"},"canonical":"http:\/\/warmlab-studio.ovh\/index.php\/references\/","og_locale":"en_US","og_type":"article","og_title":"R\u00e9f\u00e9rences - WordPress","og_description":"Ils sont pass\u00e9s au studio","og_url":"http:\/\/warmlab-studio.ovh\/index.php\/references\/","og_site_name":"WordPress","og_image":[{"url":"http:\/\/warmlab-studio.ovh\/wp-content\/uploads\/2023\/04\/img-references.jpg"}],"twitter_card":"summary_large_image","schema":{"@context":"https:\/\/schema.org","@graph":[{"@type":"WebPage","@id":"http:\/\/warmlab-studio.ovh\/index.php\/references\/","url":"http:\/\/warmlab-studio.ovh\/index.php\/references\/","name":"R\u00e9f\u00e9rences - WordPress","isPartOf":{"@id":"https:\/\/warmlab-studio.ovh\/#website"},"datePublished":"2023-04-12T14:45:56+00:00","dateModified":"2023-04-12T14:45:56+00:00","breadcrumb":{"@id":"http:\/\/warmlab-studio.ovh\/index.php\/references\/#breadcrumb"},"inLanguage":"en-US","potentialAction":[{"@type":"ReadAction","target":["http:\/\/warmlab-studio.ovh\/index.php\/references\/"]}]},{"@type":"BreadcrumbList","@id":"http:\/\/warmlab-studio.ovh\/index.php\/references\/#breadcrumb","itemListElement":[{"@type":"ListItem","position":1,"name":"Accueil","item":"https:\/\/warmlab-studio.ovh\/"},{"@type":"ListItem","position":2,"name":"R\u00e9f\u00e9rences"}]},{"@type":"WebSite","@id":"https:\/\/warmlab-studio.ovh\/#website","url":"https:\/\/warmlab-studio.ovh\/","name":"WordPress","description":"Un site utilisant WordPress","potentialAction":[{"@type":"SearchAction","target":{"@type":"EntryPoint","urlTemplate":"https:\/\/warmlab-studio.ovh\/?s={search_term_string}"},"query-input":"required name=search_term_string"}],"inLanguage":"en-US"}]}},"_links":{"self":[{"href":"https:\/\/warmlab-studio.ovh\/index.php\/wp-json\/wp\/v2\/pages\/102","targetHints":{"allow":["GET"]}}],"collection":[{"href":"https:\/\/warmlab-studio.ovh\/index.php\/wp-json\/wp\/v2\/pages"}],"about":[{"href":"https:\/\/warmlab-studio.ovh\/index.php\/wp-json\/wp\/v2\/types\/page"}],"author":[{"embeddable":true,"href":"https:\/\/warmlab-studio.ovh\/index.php\/wp-json\/wp\/v2\/users\/1"}],"replies":[{"embeddable":true,"href":"https:\/\/warmlab-studio.ovh\/index.php\/wp-json\/wp\/v2\/comments?post=102"}],"version-history":[{"count":0,"href":"https:\/\/warmlab-studio.ovh\/index.php\/wp-json\/wp\/v2\/pages\/102\/revisions"}],"wp:attachment":[{"href":"https:\/\/warmlab-studio.ovh\/index.php\/wp-json\/wp\/v2\/media?parent=102"}],"curies":[{"name":"wp","href":"https:\/\/api.w.org\/{rel}","templated":true}]}}